{"id":701,"date":"2023-04-05T13:37:47","date_gmt":"2023-04-05T11:37:47","guid":{"rendered":"http:\/\/www.aanoa.org\/?page_id=701"},"modified":"2024-02-25T17:15:43","modified_gmt":"2024-02-25T16:15:43","slug":"presentation","status":"publish","type":"page","link":"https:\/\/aanoa.org\/en\/presentation\/","title":{"rendered":"Presentation"},"content":{"rendered":"<div data-elementor-type=\"wp-post\" data-elementor-id=\"701\" class=\"elementor elementor-701\">\n\t\t\t\t\t\t\t\t\t<section class=\"elementor-section elementor-top-section elementor-element elementor-element-3f5d8e50 elementor-section-content-middle elementor-section-boxed elementor-section-height-default elementor-section-height-default\" data-id=\"3f5d8e50\" data-element_type=\"section\">\n\t\t\t\t\t\t<div class=\"elementor-container elementor-column-gap-no\">\n\t\t\t\t\t<div class=\"elementor-column elementor-col-33 elementor-top-column elementor-element elementor-element-46c52e73\" data-id=\"46c52e73\" data-element_type=\"column\">\n\t\t\t<div class=\"elementor-widget-wrap elementor-element-populated\">\n\t\t\t\t\t\t\t\t<div class=\"elementor-element elementor-element-3c376bcf elementor-widget elementor-widget-heading\" data-id=\"3c376bcf\" data-element_type=\"widget\" data-widget_type=\"heading.default\">\n\t\t\t\t<div class=\"elementor-widget-container\">\n\t\t\t<style>\/*! elementor - v3.12.1 - 02-04-2023 *\/\n.elementor-heading-title{padding:0;margin:0;line-height:1}.elementor-widget-heading .elementor-heading-title[class*=elementor-size-]>a{color:inherit;font-size:inherit;line-height:inherit}.elementor-widget-heading .elementor-heading-title.elementor-size-small{font-size:15px}.elementor-widget-heading .elementor-heading-title.elementor-size-medium{font-size:19px}.elementor-widget-heading .elementor-heading-title.elementor-size-large{font-size:29px}.elementor-widget-heading .elementor-heading-title.elementor-size-xl{font-size:39px}.elementor-widget-heading .elementor-heading-title.elementor-size-xxl{font-size:59px}<\/style><h5 class=\"elementor-heading-title elementor-size-default\">Who are we?<\/h5>\t\t<\/div>\n\t\t\t\t<\/div>\n\t\t\t\t<div class=\"elementor-element elementor-element-63b45b8f elementor-widget__width-initial elementor-widget elementor-widget-text-editor\" data-id=\"63b45b8f\" data-element_type=\"widget\" data-widget_type=\"text-editor.default\">\n\t\t\t\t<div class=\"elementor-widget-container\">\n\t\t\t<style>\/*! elementor - v3.12.1 - 02-04-2023 *\/\n.elementor-widget-text-editor.elementor-drop-cap-view-stacked .elementor-drop-cap{background-color:#69727d;color:#fff}.elementor-widget-text-editor.elementor-drop-cap-view-framed .elementor-drop-cap{color:#69727d;border:3px solid;background-color:transparent}.elementor-widget-text-editor:not(.elementor-drop-cap-view-default) .elementor-drop-cap{margin-top:8px}.elementor-widget-text-editor:not(.elementor-drop-cap-view-default) .elementor-drop-cap-letter{width:1em;height:1em}.elementor-widget-text-editor .elementor-drop-cap{float:left;text-align:center;line-height:1;font-size:50px}.elementor-widget-text-editor .elementor-drop-cap-letter{display:inline-block}<\/style>\t\t\t\t<p><strong>\u00a0The Association of National Olympic Academies of Africa (AANOA) is a Non-Governmental Organization. It is the organ of the Association of National Olympic Committees of Africa (ANOCA) in charge of the promotion and dissemination of Olympic ideals and values on the African continent.<\/strong><\/p>\t\t\t\t\t\t<\/div>\n\t\t\t\t<\/div>\n\t\t\t\t\t<\/div>\n\t\t<\/div>\n\t\t\t\t<div class=\"elementor-column elementor-col-33 elementor-top-column elementor-element elementor-element-40ff51b2\" data-id=\"40ff51b2\" data-element_type=\"column\">\n\t\t\t<div class=\"elementor-widget-wrap elementor-element-populated\">\n\t\t\t\t\t\t\t\t<div class=\"elementor-element elementor-element-546004b7 elementor-widget__width-initial elementor-widget elementor-widget-image\" data-id=\"546004b7\" data-element_type=\"widget\" data-widget_type=\"image.default\">\n\t\t\t\t<div class=\"elementor-widget-container\">\n\t\t\t<style>\/*! elementor - v3.12.1 - 02-04-2023 *\/\n.elementor-widget-image{text-align:center}.elementor-widget-image a{display:inline-block}.elementor-widget-image a img[src$=\".svg\"]{width:48px}.elementor-widget-image img{vertical-align:middle;display:inline-block}<\/style>\t\t\t\t\t\t\t\t\t\t\t\t<img loading=\"lazy\" decoding=\"async\" width=\"369\" height=\"543\" src=\"https:\/\/aanoa.org\/wp-content\/uploads\/2024\/02\/cropped-logo-ACNOA-1.webp\" class=\"attachment-large size-large wp-image-1902\" alt=\"\" srcset=\"https:\/\/aanoa.org\/wp-content\/uploads\/2024\/02\/cropped-logo-ACNOA-1.webp 369w, https:\/\/aanoa.org\/wp-content\/uploads\/2024\/02\/cropped-logo-ACNOA-1-204x300.webp 204w, https:\/\/aanoa.org\/wp-content\/uploads\/2024\/02\/cropped-logo-ACNOA-1-8x12.webp 8w\" sizes=\"auto, (max-width: 369px) 100vw, 369px\" \/>\t\t\t\t\t\t\t\t\t\t\t\t\t\t\t<\/div>\n\t\t\t\t<\/div>\n\t\t\t\t\t<\/div>\n\t\t<\/div>\n\t\t\t\t<div class=\"elementor-column elementor-col-33 elementor-top-column elementor-element elementor-element-23ec850\" data-id=\"23ec850\" data-element_type=\"column\">\n\t\t\t<div class=\"elementor-widget-wrap elementor-element-populated\">\n\t\t\t\t\t\t\t\t<div class=\"elementor-element elementor-element-8b2c1f0 elementor-widget__width-initial elementor-widget elementor-widget-image\" data-id=\"8b2c1f0\" data-element_type=\"widget\" data-widget_type=\"image.default\">\n\t\t\t\t<div class=\"elementor-widget-container\">\n\t\t\t\t\t\t\t\t\t\t\t\t\t\t\t<img loading=\"lazy\" decoding=\"async\" width=\"900\" height=\"848\" src=\"https:\/\/aanoa.org\/wp-content\/uploads\/2023\/07\/logo-aanoa-1024x965.png\" class=\"attachment-large size-large wp-image-1635\" alt=\"\" srcset=\"https:\/\/aanoa.org\/wp-content\/uploads\/2023\/07\/logo-aanoa-1024x965.png 1024w, https:\/\/aanoa.org\/wp-content\/uploads\/2023\/07\/logo-aanoa-300x283.png 300w, https:\/\/aanoa.org\/wp-content\/uploads\/2023\/07\/logo-aanoa-768x724.png 768w, https:\/\/aanoa.org\/wp-content\/uploads\/2023\/07\/logo-aanoa-13x12.png 13w, https:\/\/aanoa.org\/wp-content\/uploads\/2023\/07\/logo-aanoa.png 1198w\" sizes=\"auto, (max-width: 900px) 100vw, 900px\" \/>\t\t\t\t\t\t\t\t\t\t\t\t\t\t\t<\/div>\n\t\t\t\t<\/div>\n\t\t\t\t\t<\/div>\n\t\t<\/div>\n\t\t\t\t\t\t\t<\/div>\n\t\t<\/section>\n\t\t\t\t<section class=\"elementor-section elementor-top-section elementor-element elementor-element-647b021 elementor-section-content-middle elementor-section-boxed elementor-section-height-default elementor-section-height-default\" data-id=\"647b021\" data-element_type=\"section\">\n\t\t\t\t\t\t<div class=\"elementor-container elementor-column-gap-no\">\n\t\t\t\t\t<div class=\"elementor-column elementor-col-50 elementor-top-column elementor-element elementor-element-3bdd0fb\" data-id=\"3bdd0fb\" data-element_type=\"column\">\n\t\t\t<div class=\"elementor-widget-wrap elementor-element-populated\">\n\t\t\t\t\t\t\t\t<div class=\"elementor-element elementor-element-87ee4fc elementor-widget elementor-widget-image\" data-id=\"87ee4fc\" data-element_type=\"widget\" data-widget_type=\"image.default\">\n\t\t\t\t<div class=\"elementor-widget-container\">\n\t\t\t\t\t\t\t\t\t\t\t\t\t\t\t<img loading=\"lazy\" decoding=\"async\" width=\"756\" height=\"800\" src=\"https:\/\/aanoa.org\/wp-content\/uploads\/2023\/04\/africa.png\" class=\"attachment-large size-large wp-image-717\" alt=\"\" \/>\t\t\t\t\t\t\t\t\t\t\t\t\t\t\t<\/div>\n\t\t\t\t<\/div>\n\t\t\t\t\t<\/div>\n\t\t<\/div>\n\t\t\t\t<div class=\"elementor-column elementor-col-50 elementor-top-column elementor-element elementor-element-113fde3\" data-id=\"113fde3\" data-element_type=\"column\">\n\t\t\t<div class=\"elementor-widget-wrap elementor-element-populated\">\n\t\t\t\t\t\t\t\t<div class=\"elementor-element elementor-element-d08f71d elementor-widget elementor-widget-heading\" data-id=\"d08f71d\" data-element_type=\"widget\" data-widget_type=\"heading.default\">\n\t\t\t\t<div class=\"elementor-widget-container\">\n\t\t\t<h5 class=\"elementor-heading-title elementor-size-default\">Africa at the center of sport<\/h5>\t\t<\/div>\n\t\t\t\t<\/div>\n\t\t\t\t<div class=\"elementor-element elementor-element-f6b8b6a elementor-widget__width-initial elementor-widget elementor-widget-text-editor\" data-id=\"f6b8b6a\" data-element_type=\"widget\" data-widget_type=\"text-editor.default\">\n\t\t\t\t<div class=\"elementor-widget-container\">\n\t\t\t\t\t\t\t<p><strong>\u00a0Elle regroupe les Acad\u00e9mies Nationales Olympiques des pays africains. Au 31 D\u00e9cembre 2023, 39 Acad\u00e9mies parmi les 42 Acad\u00e9mies existantes en Afrique sont affili\u00e9es \u00e0 l&rsquo;AANOA. <\/strong><\/p><p><strong>The headquarters is based in Tunis.<\/strong><\/p>\t\t\t\t\t\t<\/div>\n\t\t\t\t<\/div>\n\t\t\t\t\t<\/div>\n\t\t<\/div>\n\t\t\t\t\t\t\t<\/div>\n\t\t<\/section>\n\t\t\t\t<section class=\"elementor-section elementor-top-section elementor-element elementor-element-3a8d5d9d elementor-section-boxed elementor-section-height-default elementor-section-height-default\" data-id=\"3a8d5d9d\" data-element_type=\"section\">\n\t\t\t\t\t\t<div class=\"elementor-container elementor-column-gap-no\">\n\t\t\t\t\t<div class=\"elementor-column elementor-col-50 elementor-top-column elementor-element elementor-element-29e49155\" data-id=\"29e49155\" data-element_type=\"column\">\n\t\t\t<div class=\"elementor-widget-wrap elementor-element-populated\">\n\t\t\t\t\t\t\t\t<div class=\"elementor-element elementor-element-3f62cb3c elementor-widget elementor-widget-heading\" data-id=\"3f62cb3c\" data-element_type=\"widget\" data-widget_type=\"heading.default\">\n\t\t\t\t<div class=\"elementor-widget-container\">\n\t\t\t<h2 class=\"elementor-heading-title elementor-size-default\">Our missions<\/h2>\t\t<\/div>\n\t\t\t\t<\/div>\n\t\t\t\t<div class=\"elementor-element elementor-element-640f1f00 elementor-widget elementor-widget-heading\" data-id=\"640f1f00\" data-element_type=\"widget\" data-widget_type=\"heading.default\">\n\t\t\t\t<div class=\"elementor-widget-container\">\n\t\t\t<p class=\"elementor-heading-title elementor-size-default\"><b>AANOA is committed to the following missions <\/b>:<\/p>\t\t<\/div>\n\t\t\t\t<\/div>\n\t\t\t\t\t<\/div>\n\t\t<\/div>\n\t\t\t\t<div class=\"elementor-column elementor-col-50 elementor-top-column elementor-element elementor-element-1bdb5ad5\" data-id=\"1bdb5ad5\" data-element_type=\"column\">\n\t\t\t<div class=\"elementor-widget-wrap elementor-element-populated\">\n\t\t\t\t\t\t\t\t<section class=\"elementor-section elementor-inner-section elementor-element elementor-element-e885949 elementor-section-full_width elementor-section-height-default elementor-section-height-default\" data-id=\"e885949\" data-element_type=\"section\">\n\t\t\t\t\t\t<div class=\"elementor-container elementor-column-gap-no\">\n\t\t\t\t\t<div class=\"elementor-column elementor-col-50 elementor-inner-column elementor-element elementor-element-6267e693\" data-id=\"6267e693\" data-element_type=\"column\">\n\t\t\t<div class=\"elementor-widget-wrap elementor-element-populated\">\n\t\t\t\t\t\t\t\t<div class=\"elementor-element elementor-element-3f832e51 elementor-position-top elementor-vertical-align-top elementor-widget elementor-widget-image-box\" data-id=\"3f832e51\" data-element_type=\"widget\" data-widget_type=\"image-box.default\">\n\t\t\t\t<div class=\"elementor-widget-container\">\n\t\t\t<style>\/*! elementor - v3.12.1 - 02-04-2023 *\/\n.elementor-widget-image-box .elementor-image-box-content{width:100%}@media (min-width:768px){.elementor-widget-image-box.elementor-position-left .elementor-image-box-wrapper,.elementor-widget-image-box.elementor-position-right .elementor-image-box-wrapper{display:flex}.elementor-widget-image-box.elementor-position-right .elementor-image-box-wrapper{text-align:right;flex-direction:row-reverse}.elementor-widget-image-box.elementor-position-left .elementor-image-box-wrapper{text-align:left;flex-direction:row}.elementor-widget-image-box.elementor-position-top .elementor-image-box-img{margin:auto}.elementor-widget-image-box.elementor-vertical-align-top .elementor-image-box-wrapper{align-items:flex-start}.elementor-widget-image-box.elementor-vertical-align-middle .elementor-image-box-wrapper{align-items:center}.elementor-widget-image-box.elementor-vertical-align-bottom .elementor-image-box-wrapper{align-items:flex-end}}@media (max-width:767px){.elementor-widget-image-box .elementor-image-box-img{margin-left:auto!important;margin-right:auto!important;margin-bottom:15px}}.elementor-widget-image-box .elementor-image-box-img{display:inline-block}.elementor-widget-image-box .elementor-image-box-title a{color:inherit}.elementor-widget-image-box .elementor-image-box-wrapper{text-align:center}.elementor-widget-image-box .elementor-image-box-description{margin:0}<\/style><div class=\"elementor-image-box-wrapper\"><figure class=\"elementor-image-box-img\"><a href=\"#\"><img loading=\"lazy\" decoding=\"async\" width=\"1200\" height=\"675\" src=\"https:\/\/aanoa.org\/wp-content\/uploads\/2023\/04\/presentation3.jpg\" class=\"elementor-animation-grow attachment-full size-full wp-image-707\" alt=\"\" \/><\/a><\/figure><div class=\"elementor-image-box-content\"><h4 class=\"elementor-image-box-title\"><a href=\"#\">Olympism<\/a><\/h4><p class=\"elementor-image-box-description\"><b>The dissemination of Olympic ideals and values in Africa, particularly through the development of Olympic education<\/b><\/p><\/div><\/div>\t\t<\/div>\n\t\t\t\t<\/div>\n\t\t\t\t\t<\/div>\n\t\t<\/div>\n\t\t\t\t<div class=\"elementor-column elementor-col-50 elementor-inner-column elementor-element elementor-element-3aa1aadb\" data-id=\"3aa1aadb\" data-element_type=\"column\">\n\t\t\t<div class=\"elementor-widget-wrap elementor-element-populated\">\n\t\t\t\t\t\t\t\t<div class=\"elementor-element elementor-element-154d9e32 elementor-position-top elementor-vertical-align-top elementor-widget elementor-widget-image-box\" data-id=\"154d9e32\" data-element_type=\"widget\" data-widget_type=\"image-box.default\">\n\t\t\t\t<div class=\"elementor-widget-container\">\n\t\t\t<div class=\"elementor-image-box-wrapper\"><figure class=\"elementor-image-box-img\"><a href=\"#\"><img loading=\"lazy\" decoding=\"async\" width=\"1000\" height=\"500\" src=\"https:\/\/aanoa.org\/wp-content\/uploads\/2023\/04\/presentation2.jpg\" class=\"elementor-animation-grow attachment-full size-full wp-image-718\" alt=\"\" \/><\/a><\/figure><div class=\"elementor-image-box-content\"><h4 class=\"elementor-image-box-title\"><a href=\"#\">Cooperation<\/a><\/h4><p class=\"elementor-image-box-description\"><b>The exchange of information, experiences and skills between the \nNational Olympic Academies in Africa as well as with those of other \nother continents and all Olympic sports organizations<\/b><\/p><\/div><\/div>\t\t<\/div>\n\t\t\t\t<\/div>\n\t\t\t\t\t<\/div>\n\t\t<\/div>\n\t\t\t\t\t\t\t<\/div>\n\t\t<\/section>\n\t\t\t\t<section class=\"elementor-section elementor-inner-section elementor-element elementor-element-63249258 elementor-section-full_width elementor-section-height-default elementor-section-height-default\" data-id=\"63249258\" data-element_type=\"section\">\n\t\t\t\t\t\t<div class=\"elementor-container elementor-column-gap-no\">\n\t\t\t\t\t<div class=\"elementor-column elementor-col-50 elementor-inner-column elementor-element elementor-element-5f26ab52\" data-id=\"5f26ab52\" data-element_type=\"column\">\n\t\t\t<div class=\"elementor-widget-wrap elementor-element-populated\">\n\t\t\t\t\t\t\t\t<div class=\"elementor-element elementor-element-538167f5 elementor-position-top elementor-vertical-align-top elementor-widget elementor-widget-image-box\" data-id=\"538167f5\" data-element_type=\"widget\" data-widget_type=\"image-box.default\">\n\t\t\t\t<div class=\"elementor-widget-container\">\n\t\t\t<div class=\"elementor-image-box-wrapper\"><figure class=\"elementor-image-box-img\"><a href=\"#\"><img loading=\"lazy\" decoding=\"async\" width=\"680\" height=\"400\" src=\"https:\/\/aanoa.org\/wp-content\/uploads\/2023\/04\/ridha-laayouni-AANOA.jpg\" class=\"elementor-animation-grow attachment-full size-full wp-image-719\" alt=\"\" \/><\/a><\/figure><div class=\"elementor-image-box-content\"><h4 class=\"elementor-image-box-title\"><a href=\"#\">Research<\/a><\/h4><p class=\"elementor-image-box-description\"><b>The impulse of studies and research in philosophy and Olympic education at the African level<\/b><\/p><\/div><\/div>\t\t<\/div>\n\t\t\t\t<\/div>\n\t\t\t\t\t<\/div>\n\t\t<\/div>\n\t\t\t\t<div class=\"elementor-column elementor-col-50 elementor-inner-column elementor-element elementor-element-5ed957a3\" data-id=\"5ed957a3\" data-element_type=\"column\">\n\t\t\t<div class=\"elementor-widget-wrap elementor-element-populated\">\n\t\t\t\t\t\t\t\t<div class=\"elementor-element elementor-element-60df36eb elementor-position-top elementor-vertical-align-top elementor-widget elementor-widget-image-box\" data-id=\"60df36eb\" data-element_type=\"widget\" data-widget_type=\"image-box.default\">\n\t\t\t\t<div class=\"elementor-widget-container\">\n\t\t\t<div class=\"elementor-image-box-wrapper\"><figure class=\"elementor-image-box-img\"><a href=\"#\"><img loading=\"lazy\" decoding=\"async\" width=\"1680\" height=\"750\" src=\"https:\/\/aanoa.org\/wp-content\/uploads\/2023\/04\/afrique-sport.jpg\" class=\"elementor-animation-grow attachment-full size-full wp-image-725\" alt=\"\" \/><\/a><\/figure><div class=\"elementor-image-box-content\"><h4 class=\"elementor-image-box-title\"><a href=\"#\">Sport<\/a><\/h4><p class=\"elementor-image-box-description\"><b>La promotion de la pratique du sport et de l\u2019\u00e9ducation physique <\/b><b>en tant que facteur de sant\u00e9 et de bien-\u00eatre,  notamment par la formation des ressources humaines <\/b>.<\/p><\/div><\/div>\t\t<\/div>\n\t\t\t\t<\/div>\n\t\t\t\t\t<\/div>\n\t\t<\/div>\n\t\t\t\t\t\t\t<\/div>\n\t\t<\/section>\n\t\t\t\t\t<\/div>\n\t\t<\/div>\n\t\t\t\t\t\t\t<\/div>\n\t\t<\/section>\n\t\t\t\t\t\t\t<\/div>","protected":false},"excerpt":{"rendered":"<p>Qui sommes-nous ? \u00a0L&rsquo;Association des Acad\u00e9mies Nationales Olympiques d&rsquo;Afrique (AANOA) est une Organisation Non-Gouvernementale. Elle est l&rsquo;organe de l&rsquo;Association des Comit\u00e9s Nationaux Olympiques d&rsquo;Afrique (ACNOA) [&#8230;]<\/p>","protected":false},"author":1,"featured_media":0,"parent":0,"menu_order":0,"comment_status":"closed","ping_status":"closed","template":"","meta":{"cybocfi_hide_featured_image":"","footnotes":""},"categories":[],"tags":[],"class_list":["post-701","page","type-page","status-publish","hentry"],"_links":{"self":[{"href":"https:\/\/aanoa.org\/en\/wp-json\/wp\/v2\/pages\/701","targetHints":{"allow":["GET"]}}],"collection":[{"href":"https:\/\/aanoa.org\/en\/wp-json\/wp\/v2\/pages"}],"about":[{"href":"https:\/\/aanoa.org\/en\/wp-json\/wp\/v2\/types\/page"}],"author":[{"embeddable":true,"href":"https:\/\/aanoa.org\/en\/wp-json\/wp\/v2\/users\/1"}],"replies":[{"embeddable":true,"href":"https:\/\/aanoa.org\/en\/wp-json\/wp\/v2\/comments?post=701"}],"version-history":[{"count":35,"href":"https:\/\/aanoa.org\/en\/wp-json\/wp\/v2\/pages\/701\/revisions"}],"predecessor-version":[{"id":1905,"href":"https:\/\/aanoa.org\/en\/wp-json\/wp\/v2\/pages\/701\/revisions\/1905"}],"wp:attachment":[{"href":"https:\/\/aanoa.org\/en\/wp-json\/wp\/v2\/media?parent=701"}],"wp:term":[{"taxonomy":"category","embeddable":true,"href":"https:\/\/aanoa.org\/en\/wp-json\/wp\/v2\/categories?post=701"},{"taxonomy":"post_tag","embeddable":true,"href":"https:\/\/aanoa.org\/en\/wp-json\/wp\/v2\/tags?post=701"}],"curies":[{"name":"wp","href":"https:\/\/api.w.org\/{rel}","templated":true}]}}