{"id":530,"date":"2023-04-04T10:23:58","date_gmt":"2023-04-04T08:23:58","guid":{"rendered":"http:\/\/www.aanoa.org\/?page_id=530"},"modified":"2024-02-25T17:46:47","modified_gmt":"2024-02-25T16:46:47","slug":"home","status":"publish","type":"page","link":"https:\/\/aanoa.org\/en\/","title":{"rendered":"Bienvenue sur le site de l&rsquo;AANOA"},"content":{"rendered":"<div data-elementor-type=\"wp-page\" data-elementor-id=\"530\" class=\"elementor elementor-530\">\n\t\t\t\t\t\t\t\t\t<section class=\"elementor-section elementor-top-section elementor-element elementor-element-d15f73f elementor-section-boxed elementor-section-height-default elementor-section-height-default\" data-id=\"d15f73f\" data-element_type=\"section\">\n\t\t\t\t\t\t<div class=\"elementor-container elementor-column-gap-default\">\n\t\t\t\t\t<div class=\"elementor-column elementor-col-100 elementor-top-column elementor-element elementor-element-5fd0813\" data-id=\"5fd0813\" data-element_type=\"column\">\n\t\t\t<div class=\"elementor-widget-wrap elementor-element-populated\">\n\t\t\t\t\t\t\t\t<div class=\"elementor-element elementor-element-0a77770 elementor-widget elementor-widget-image\" data-id=\"0a77770\" data-element_type=\"widget\" data-widget_type=\"image.default\">\n\t\t\t\t<div class=\"elementor-widget-container\">\n\t\t\t<style>\/*! elementor - v3.12.1 - 02-04-2023 *\/\n.elementor-widget-image{text-align:center}.elementor-widget-image a{display:inline-block}.elementor-widget-image a img[src$=\".svg\"]{width:48px}.elementor-widget-image img{vertical-align:middle;display:inline-block}<\/style>\t\t\t\t\t\t\t\t\t\t\t\t<img loading=\"lazy\" decoding=\"async\" width=\"768\" height=\"347\" src=\"https:\/\/aanoa.org\/wp-content\/uploads\/2023\/09\/banniere-768x347.png\" class=\"attachment-medium_large size-medium_large wp-image-1872\" alt=\"\" srcset=\"https:\/\/aanoa.org\/wp-content\/uploads\/2023\/09\/banniere-768x347.png 768w, https:\/\/aanoa.org\/wp-content\/uploads\/2023\/09\/banniere-300x135.png 300w, https:\/\/aanoa.org\/wp-content\/uploads\/2023\/09\/banniere-18x8.png 18w, https:\/\/aanoa.org\/wp-content\/uploads\/2023\/09\/banniere.png 800w\" sizes=\"auto, (max-width: 768px) 100vw, 768px\" \/>\t\t\t\t\t\t\t\t\t\t\t\t\t\t\t<\/div>\n\t\t\t\t<\/div>\n\t\t\t\t<div class=\"elementor-element elementor-element-aed2d15 upk-navigation-type-both elementor-widget elementor-widget-upk-paradox-slider\" data-id=\"aed2d15\" data-element_type=\"widget\" data-widget_type=\"upk-paradox-slider.default\">\n\t\t\t\t<div class=\"elementor-widget-container\">\n\t\t\t\t\t<div id=\"upk-paradox-slider-aed2d15\" class=\"upk-paradox-slider upk-arrows-dots-align-center\" data-settings=\"{&quot;autoplay&quot;:{&quot;delay&quot;:5000},&quot;loop&quot;:true,&quot;speed&quot;:500,&quot;effect&quot;:&quot;fade&quot;,&quot;lazy&quot;:{&quot;loadPrevNext&quot;:&quot;true&quot;},&quot;parallax&quot;:true,&quot;slidesPerView&quot;:1,&quot;navigation&quot;:{&quot;nextEl&quot;:&quot;#upk-paradox-slider-aed2d15 .upk-navigation-next&quot;,&quot;prevEl&quot;:&quot;#upk-paradox-slider-aed2d15 .upk-navigation-prev&quot;},&quot;pagination&quot;:{&quot;el&quot;:&quot;#upk-paradox-slider-aed2d15 .swiper-pagination&quot;,&quot;type&quot;:&quot;bullets&quot;,&quot;clickable&quot;:&quot;true&quot;,&quot;dynamicBullets&quot;:false},&quot;scrollbar&quot;:{&quot;el&quot;:&quot;#upk-paradox-slider-aed2d15 .swiper-scrollbar&quot;,&quot;hide&quot;:&quot;true&quot;}}\">\n\t\t\t<div class=\"upk-paradox-slider-wrapper\">\n\t\t\t\t<div class=\"swiper-container\">\n\t\t\t\t\t<div class=\"swiper-wrapper\">\n\t\t\t\t<div class=\"upk-paradox-slider-item swiper-slide upk-transition-toggle\">\n\t\t\t<div class=\"upk-image-wrapper\">\n\t\t\t\t\n\t\t<img decoding=\"async\" class=\"upk-paradox-img swiper-lazy\" src=\"https:\/\/aanoa.org\/wp-content\/uploads\/2024\/02\/286466349_567785298085295_2683276424453941222_n.jpg\" alt=\"9\u00e8me Session des Acad\u00e9mies Nationales Olympiques d&rsquo;Afrique, Alger, 3-6 Mars 2024\">\n\n\t\t\t\t\t<\/div>\n\n\t\t\t<div class=\"upk-paradox-content-box upk-position-center\">\n\t\t\t\t<div class=\"upk-content-inner\">\n\t\t\t\t\t<div class=\"upk-category-date-wrap upk-flex upk-flex-middle\" data-swiper-parallax=\"-100\" data-swiper-parallax-opacity=\"0.5\" data-swiper-parallax-duration=\"600\">\n\t\t\t\t\t\t\t\t<div class=\"upk-paradox-category\">\n\t\t\t<a href=\"https:\/\/aanoa.org\/en\/category\/non-classe\/\">News<\/a>\t\t<\/div>\n\t\t\n\t\t\t\t\t\t\n\t\t\t\t\t<\/div>\n\n\t\t\t\t\t<div data-swiper-parallax=\"-200\" data-swiper-parallax-opacity=\"0.5\" data-swiper-parallax-duration=\"700\">\n\t\t\t\t\t\t<h3 class=\"upk-paradox-title-wrap\"><a href=\"https:\/\/aanoa.org\/en\/2024\/02\/25\/9eme-session-des-academies-nationales-olympiques-dafrique-alger-3-6-mars-2024\/\" title=\"9\u00e8me Session des Acad\u00e9mies Nationales Olympiques d&rsquo;Afrique, Alger, 3-6 Mars 2024\" class=\"upk-paradox-title\">9\u00e8me Session des Acad\u00e9mies Nationales Olympiques d&rsquo;Afrique, Alger, 3-6 Mars 2024<\/a><\/h3>\t\t\t\t\t<\/div>\n\n\t\t\t\t\t<div data-swiper-parallax=\"-300\" data-swiper-parallax-opacity=\"0.5\" data-swiper-parallax-duration=\"800\">\n\t\t\t\t\t\t\t\t<div class=\"upk-paradox-slider-text\">\n\t\t\t\t\t<\/div>\n\n\t\t\t\t\t\t\t<\/div>\n\n\t\t\t\t\t<div data-swiper-parallax=\"-400\" data-swiper-parallax-opacity=\"0.5\" data-swiper-parallax-duration=\"900\">\n\t\t\t\t\t\t\t\t\t\t\t<\/div>\n\t\t\t\t<\/div>\n\t\t\t<\/div>\n\t\t<\/div>\n\t\t\t\t<div class=\"upk-paradox-slider-item swiper-slide upk-transition-toggle\">\n\t\t\t<div class=\"upk-image-wrapper\">\n\t\t\t\t\n\t\t<img decoding=\"async\" class=\"upk-paradox-img swiper-lazy\" src=\"https:\/\/aanoa.org\/wp-content\/uploads\/2023\/08\/358116329_660163189478887_3007758212699180174_n.jpg\" alt=\"Exposition des r\u00e9alisations de l&rsquo;AANOA du 23 au 26 Juin 2023 \u00e0 Hammamet\">\n\n\t\t\t\t\t<\/div>\n\n\t\t\t<div class=\"upk-paradox-content-box upk-position-center\">\n\t\t\t\t<div class=\"upk-content-inner\">\n\t\t\t\t\t<div class=\"upk-category-date-wrap upk-flex upk-flex-middle\" data-swiper-parallax=\"-100\" data-swiper-parallax-opacity=\"0.5\" data-swiper-parallax-duration=\"600\">\n\t\t\t\t\t\t\t\t<div class=\"upk-paradox-category\">\n\t\t\t<a href=\"https:\/\/aanoa.org\/en\/category\/activites\/\">Activities<\/a> <a href=\"https:\/\/aanoa.org\/en\/category\/non-classe\/\">News<\/a>\t\t<\/div>\n\t\t\n\t\t\t\t\t\t\n\t\t\t\t\t<\/div>\n\n\t\t\t\t\t<div data-swiper-parallax=\"-200\" data-swiper-parallax-opacity=\"0.5\" data-swiper-parallax-duration=\"700\">\n\t\t\t\t\t\t<h3 class=\"upk-paradox-title-wrap\"><a href=\"https:\/\/aanoa.org\/en\/2023\/09\/11\/exposition-des-realisations-de-laanoa-du-23-au-26-juin-2023-a-hammamet\/\" title=\"Exposition des r\u00e9alisations de l&rsquo;AANOA du 23 au 26 Juin 2023 \u00e0 Hammamet\" class=\"upk-paradox-title\">Exposition des r\u00e9alisations de l&rsquo;AANOA du 23 au 26 Juin 2023 \u00e0 Hammamet<\/a><\/h3>\t\t\t\t\t<\/div>\n\n\t\t\t\t\t<div data-swiper-parallax=\"-300\" data-swiper-parallax-opacity=\"0.5\" data-swiper-parallax-duration=\"800\">\n\t\t\t\t\t\t\t\t<div class=\"upk-paradox-slider-text\">\n\t\t\t<p>L\u2019Exposition des r\u00e9alisations de l\u2019AANOA qui a eu lieu \u00e0 l\u2019occasion des 15 ans de<\/p>\n\t\t<\/div>\n\n\t\t\t\t\t\t\t<\/div>\n\n\t\t\t\t\t<div data-swiper-parallax=\"-400\" data-swiper-parallax-opacity=\"0.5\" data-swiper-parallax-duration=\"900\">\n\t\t\t\t\t\t\t\t\t\t\t<\/div>\n\t\t\t\t<\/div>\n\t\t\t<\/div>\n\t\t<\/div>\n\t\t\t\t<div class=\"upk-paradox-slider-item swiper-slide upk-transition-toggle\">\n\t\t\t<div class=\"upk-image-wrapper\">\n\t\t\t\t\n\t\t<img decoding=\"async\" class=\"upk-paradox-img swiper-lazy\" src=\"https:\/\/aanoa.org\/wp-content\/uploads\/2023\/08\/357489128_660163239478882_486828262086744905_n.jpg\" alt=\"8\u00e8me Session des ANOs d&rsquo;Afrique,  Hammamet, les 24 et 25 Juin 2023\">\n\n\t\t\t\t\t<\/div>\n\n\t\t\t<div class=\"upk-paradox-content-box upk-position-center\">\n\t\t\t\t<div class=\"upk-content-inner\">\n\t\t\t\t\t<div class=\"upk-category-date-wrap upk-flex upk-flex-middle\" data-swiper-parallax=\"-100\" data-swiper-parallax-opacity=\"0.5\" data-swiper-parallax-duration=\"600\">\n\t\t\t\t\t\t\t\t<div class=\"upk-paradox-category\">\n\t\t\t<a href=\"https:\/\/aanoa.org\/en\/category\/non-classe\/\">News<\/a> <a href=\"https:\/\/aanoa.org\/en\/category\/activites\/sessions\/\">Sessions des ANOs d'Afrique<\/a>\t\t<\/div>\n\t\t\n\t\t\t\t\t\t\n\t\t\t\t\t<\/div>\n\n\t\t\t\t\t<div data-swiper-parallax=\"-200\" data-swiper-parallax-opacity=\"0.5\" data-swiper-parallax-duration=\"700\">\n\t\t\t\t\t\t<h3 class=\"upk-paradox-title-wrap\"><a href=\"https:\/\/aanoa.org\/en\/2023\/09\/11\/8eme-session-des-anos-dafrique-hammamet-les-24-et-25-juin-2023\/\" title=\"8\u00e8me Session des ANOs d&rsquo;Afrique,  Hammamet, les 24 et 25 Juin 2023\" class=\"upk-paradox-title\">8\u00e8me Session des ANOs d&rsquo;Afrique,  Hammamet, les 24 et 25 Juin 2023<\/a><\/h3>\t\t\t\t\t<\/div>\n\n\t\t\t\t\t<div data-swiper-parallax=\"-300\" data-swiper-parallax-opacity=\"0.5\" data-swiper-parallax-duration=\"800\">\n\t\t\t\t\t\t\t\t<div class=\"upk-paradox-slider-text\">\n\t\t\t<p>La 8 \u00e8me Session des Acad\u00e9mies Nationales Olympiques d'Afrique, dont les travaux ont \u00e9t\u00e9 dirig\u00e9s<\/p>\n\t\t<\/div>\n\n\t\t\t\t\t\t\t<\/div>\n\n\t\t\t\t\t<div data-swiper-parallax=\"-400\" data-swiper-parallax-opacity=\"0.5\" data-swiper-parallax-duration=\"900\">\n\t\t\t\t\t\t\t\t\t\t\t<\/div>\n\t\t\t\t<\/div>\n\t\t\t<\/div>\n\t\t<\/div>\n\t\t\t\t\t\t\t<\/div>\n\t\t\t\t\t\t\t\t\t<\/div>\n\n\t\t\t\t\t\t\t\t\t\t\t<div class=\"upk-position-z-index upk-position-center\">\n\t\t\t<div class=\"upk-arrows-dots-container upk-slidenav-container\">\n\n\t\t\t\t<div class=\"upk-flex upk-flex-middle\">\n\t\t\t\t\t<div class=\"upk-visible@m upk-flex\">\n\t\t\t\t\t\t<a href=\"\" class=\"upk-navigation-prev upk-slidenav-previous upk-icon upk-slidenav\">\n\t\t\t\t\t\t\t<i class=\"upk-icon-arrow-left-0\" aria-hidden=\"true\"><\/i>\n\t\t\t\t\t\t<\/a>\n\t\t\t\t\t<\/div>\n\n\t\t\t\t\t\n\t\t\t\t\t<div class=\"upk-visible@m upk-flex\">\n\t\t\t\t\t\t<a href=\"\" class=\"upk-navigation-next upk-slidenav-next upk-icon upk-slidenav\">\n\t\t\t\t\t\t\t<i class=\"upk-icon-arrow-right-0\" aria-hidden=\"true\"><\/i>\n\t\t\t\t\t\t<\/a>\n\t\t\t\t\t<\/div>\n\n\t\t\t\t<\/div>\n\t\t\t<\/div>\n\t\t<\/div>\n\t\t\t\t\t\t\t\t\t\t\t\t\t<div class=\"upk-position-z-index upk-position-bottom\">\n\t\t\t\t\t\t\t<div class=\"upk-dots-container\">\n\t\t\t\t\t\t\t\t<div class=\"swiper-pagination\"><\/div>\n\t\t\t\t\t\t\t<\/div>\n\t\t\t\t\t\t<\/div>\n\t\t\t\t\t\t\t\t\t\n\t\t\t<\/div>\n\t\t<\/div>\n\n\t\t\t\t<\/div>\n\t\t\t\t<\/div>\n\t\t\t\t\t<\/div>\n\t\t<\/div>\n\t\t\t\t\t\t\t<\/div>\n\t\t<\/section>\n\t\t\t\t<section class=\"elementor-section elementor-top-section elementor-element elementor-element-bfc0c9f elementor-section-content-middle elementor-section-full_width elementor-section-height-default elementor-section-height-default\" data-id=\"bfc0c9f\" data-element_type=\"section\">\n\t\t\t\t\t\t<div class=\"elementor-container elementor-column-gap-no\">\n\t\t\t\t\t<div class=\"elementor-column elementor-col-100 elementor-top-column elementor-element elementor-element-ed743ff\" data-id=\"ed743ff\" data-element_type=\"column\">\n\t\t\t<div class=\"elementor-widget-wrap elementor-element-populated\">\n\t\t\t\t\t\t\t\t<div class=\"elementor-element elementor-element-3376348 elementor-widget elementor-widget-heading\" data-id=\"3376348\" data-element_type=\"widget\" data-widget_type=\"heading.default\">\n\t\t\t\t<div class=\"elementor-widget-container\">\n\t\t\t<style>\/*! elementor - v3.12.1 - 02-04-2023 *\/\n.elementor-heading-title{padding:0;margin:0;line-height:1}.elementor-widget-heading .elementor-heading-title[class*=elementor-size-]>a{color:inherit;font-size:inherit;line-height:inherit}.elementor-widget-heading .elementor-heading-title.elementor-size-small{font-size:15px}.elementor-widget-heading .elementor-heading-title.elementor-size-medium{font-size:19px}.elementor-widget-heading .elementor-heading-title.elementor-size-large{font-size:29px}.elementor-widget-heading .elementor-heading-title.elementor-size-xl{font-size:39px}.elementor-widget-heading .elementor-heading-title.elementor-size-xxl{font-size:59px}<\/style><h4 class=\"elementor-heading-title elementor-size-default\">ACTUALITES DE L'AANOA<\/h4>\t\t<\/div>\n\t\t\t\t<\/div>\n\t\t\t\t\t<\/div>\n\t\t<\/div>\n\t\t\t\t\t\t\t<\/div>\n\t\t<\/section>\n\t\t\t\t<section class=\"elementor-section elementor-top-section elementor-element elementor-element-a93d370 elementor-section-boxed elementor-section-height-default elementor-section-height-default\" data-id=\"a93d370\" data-element_type=\"section\">\n\t\t\t\t\t\t<div class=\"elementor-container elementor-column-gap-default\">\n\t\t\t\t\t<div class=\"elementor-column elementor-col-100 elementor-top-column elementor-element elementor-element-0ce0d41\" data-id=\"0ce0d41\" data-element_type=\"column\">\n\t\t\t<div class=\"elementor-widget-wrap elementor-element-populated\">\n\t\t\t\t\t\t\t\t<div class=\"elementor-element elementor-element-327e215 elementor-widget elementor-widget-spacer\" data-id=\"327e215\" data-element_type=\"widget\" data-widget_type=\"spacer.default\">\n\t\t\t\t<div class=\"elementor-widget-container\">\n\t\t\t<style>\/*! elementor - v3.12.1 - 02-04-2023 *\/\n.elementor-column .elementor-spacer-inner{height:var(--spacer-size)}.e-con{--container-widget-width:100%}.e-con-inner>.elementor-widget-spacer,.e-con>.elementor-widget-spacer{width:var(--container-widget-width,var(--spacer-size));--align-self:var(--container-widget-align-self,initial);--flex-shrink:0}.e-con-inner>.elementor-widget-spacer>.elementor-widget-container,.e-con-inner>.elementor-widget-spacer>.elementor-widget-container>.elementor-spacer,.e-con>.elementor-widget-spacer>.elementor-widget-container,.e-con>.elementor-widget-spacer>.elementor-widget-container>.elementor-spacer{height:100%}.e-con-inner>.elementor-widget-spacer>.elementor-widget-container>.elementor-spacer>.elementor-spacer-inner,.e-con>.elementor-widget-spacer>.elementor-widget-container>.elementor-spacer>.elementor-spacer-inner{height:var(--container-widget-height,var(--spacer-size))}<\/style>\t\t<div class=\"elementor-spacer\">\n\t\t\t<div class=\"elementor-spacer-inner\"><\/div>\n\t\t<\/div>\n\t\t\t\t<\/div>\n\t\t\t\t<\/div>\n\t\t\t\t\t<\/div>\n\t\t<\/div>\n\t\t\t\t\t\t\t<\/div>\n\t\t<\/section>\n\t\t\t\t<section class=\"elementor-section elementor-top-section elementor-element elementor-element-e9128e6 elementor-section-boxed elementor-section-height-default elementor-section-height-default\" data-id=\"e9128e6\" data-element_type=\"section\">\n\t\t\t\t\t\t<div class=\"elementor-container elementor-column-gap-default\">\n\t\t\t\t\t<div class=\"elementor-column elementor-col-100 elementor-top-column elementor-element elementor-element-e2ddfb3\" data-id=\"e2ddfb3\" data-element_type=\"column\">\n\t\t\t<div class=\"elementor-widget-wrap elementor-element-populated\">\n\t\t\t\t\t\t\t\t<div class=\"elementor-element elementor-element-57f63d7 elementor-widget elementor-widget-upk-scott-list\" data-id=\"57f63d7\" data-element_type=\"widget\" data-widget_type=\"upk-scott-list.default\">\n\t\t\t\t<div class=\"elementor-widget-container\">\n\t\t\t\t\t<div class=\"upk-scott-list\">\n\t\t\t\n\t\t\t\t\t\t<div class=\"upk-item\">\n\t\t\t\t\t<a class=\"upk-image-wrap\" href=\"https:\/\/aanoa.org\/en\/2024\/02\/25\/partenariat-aanoa-cnot\/\">\n\t\t\t<img decoding=\"async\" src=\"https:\/\/aanoa.org\/wp-content\/uploads\/2024\/02\/312238902_840763046956749_5146832994551596572_n-222x300.jpg\" alt=\"Partenariat AANOA &#8211; CNOT\">\n\t\t\t<span class=\"upk-img-overlay\"><\/span>\n\t\t<\/a>\n\t\t\t\t<div class=\"upk-content\">\n\t\t\t\t\t\t<div class=\"upk-category\">\r\n\t\t\t<a href=\"https:\/\/aanoa.org\/en\/category\/non-classe\/\">News<\/a>\t\t<\/div>\r\n\t\t\t\t\t<h3 class=\"upk-title\"><a href=\"https:\/\/aanoa.org\/en\/2024\/02\/25\/partenariat-aanoa-cnot\/\" title=\"Partenariat AANOA &#8211; CNOT\" class=\"title-animation-underline\" >Partenariat AANOA &#8211; CNOT<\/a><\/h3>\t\t\t\t\t\t\t<\/div>\n\t\t<\/div>\n\t\n\t\t\t\n\t\t\t\t\t\t<div class=\"upk-item\">\n\t\t\t\t\t<a class=\"upk-image-wrap\" href=\"https:\/\/aanoa.org\/en\/2024\/02\/25\/9eme-session-des-academies-nationales-olympiques-dafrique-alger-3-6-mars-2024\/\">\n\t\t\t<img decoding=\"async\" src=\"https:\/\/aanoa.org\/wp-content\/uploads\/2024\/02\/286466349_567785298085295_2683276424453941222_n-300x200.jpg\" alt=\"9\u00e8me Session des Acad\u00e9mies Nationales Olympiques d&rsquo;Afrique, Alger, 3-6 Mars 2024\">\n\t\t\t<span class=\"upk-img-overlay\"><\/span>\n\t\t<\/a>\n\t\t\t\t<div class=\"upk-content\">\n\t\t\t\t\t\t<div class=\"upk-category\">\r\n\t\t\t<a href=\"https:\/\/aanoa.org\/en\/category\/non-classe\/\">News<\/a>\t\t<\/div>\r\n\t\t\t\t\t<h3 class=\"upk-title\"><a href=\"https:\/\/aanoa.org\/en\/2024\/02\/25\/9eme-session-des-academies-nationales-olympiques-dafrique-alger-3-6-mars-2024\/\" title=\"9\u00e8me Session des Acad\u00e9mies Nationales Olympiques d&rsquo;Afrique, Alger, 3-6 Mars 2024\" class=\"title-animation-underline\" >9\u00e8me Session des Acad\u00e9mies Nationales Olympiques d&rsquo;Afrique, Alger, 3-6 Mars 2024<\/a><\/h3>\t\t\t\t\t\t\t<\/div>\n\t\t<\/div>\n\t\n\t\t\t\n\t\t\t\t\t\t<div class=\"upk-item\">\n\t\t\t\t\t<a class=\"upk-image-wrap\" href=\"https:\/\/aanoa.org\/en\/2023\/09\/11\/exposition-des-realisations-de-laanoa-du-23-au-26-juin-2023-a-hammamet\/\">\n\t\t\t<img decoding=\"async\" src=\"https:\/\/aanoa.org\/wp-content\/uploads\/2023\/08\/358116329_660163189478887_3007758212699180174_n-300x225.jpg\" alt=\"Exposition des r\u00e9alisations de l&rsquo;AANOA du 23 au 26 Juin 2023 \u00e0 Hammamet\">\n\t\t\t<span class=\"upk-img-overlay\"><\/span>\n\t\t<\/a>\n\t\t\t\t<div class=\"upk-content\">\n\t\t\t\t\t\t<div class=\"upk-category\">\r\n\t\t\t<a href=\"https:\/\/aanoa.org\/en\/category\/activites\/\">Activities<\/a> <a href=\"https:\/\/aanoa.org\/en\/category\/non-classe\/\">News<\/a>\t\t<\/div>\r\n\t\t\t\t\t<h3 class=\"upk-title\"><a href=\"https:\/\/aanoa.org\/en\/2023\/09\/11\/exposition-des-realisations-de-laanoa-du-23-au-26-juin-2023-a-hammamet\/\" title=\"Exposition des r\u00e9alisations de l&rsquo;AANOA du 23 au 26 Juin 2023 \u00e0 Hammamet\" class=\"title-animation-underline\" >Exposition des r\u00e9alisations de l&rsquo;AANOA du 23 au 26 Juin 2023 \u00e0 Hammamet<\/a><\/h3>\t\t\t\t\t\t\t<\/div>\n\t\t<\/div>\n\t\n\t\t\t\t\t<\/div>\n\n\t\t\t\t<\/div>\n\t\t\t\t<\/div>\n\t\t\t\t\t<\/div>\n\t\t<\/div>\n\t\t\t\t\t\t\t<\/div>\n\t\t<\/section>\n\t\t\t\t\t\t\t<\/div>","protected":false},"excerpt":{"rendered":"<p>News 9\u00e8me Session des Acad\u00e9mies Nationales Olympiques d&rsquo;Afrique, Alger, 3-6 Mars 2024 Activit\u00e9s News Exposition des r\u00e9alisations de l&rsquo;AANOA du 23 au 26 Juin 2023 [&#8230;]<\/p>","protected":false},"author":1,"featured_media":0,"parent":0,"menu_order":0,"comment_status":"closed","ping_status":"closed","template":"","meta":{"cybocfi_hide_featured_image":"","footnotes":""},"categories":[],"tags":[],"class_list":["post-530","page","type-page","status-publish","hentry"],"_links":{"self":[{"href":"https:\/\/aanoa.org\/en\/wp-json\/wp\/v2\/pages\/530","targetHints":{"allow":["GET"]}}],"collection":[{"href":"https:\/\/aanoa.org\/en\/wp-json\/wp\/v2\/pages"}],"about":[{"href":"https:\/\/aanoa.org\/en\/wp-json\/wp\/v2\/types\/page"}],"author":[{"embeddable":true,"href":"https:\/\/aanoa.org\/en\/wp-json\/wp\/v2\/users\/1"}],"replies":[{"embeddable":true,"href":"https:\/\/aanoa.org\/en\/wp-json\/wp\/v2\/comments?post=530"}],"version-history":[{"count":86,"href":"https:\/\/aanoa.org\/en\/wp-json\/wp\/v2\/pages\/530\/revisions"}],"predecessor-version":[{"id":1920,"href":"https:\/\/aanoa.org\/en\/wp-json\/wp\/v2\/pages\/530\/revisions\/1920"}],"wp:attachment":[{"href":"https:\/\/aanoa.org\/en\/wp-json\/wp\/v2\/media?parent=530"}],"wp:term":[{"taxonomy":"category","embeddable":true,"href":"https:\/\/aanoa.org\/en\/wp-json\/wp\/v2\/categories?post=530"},{"taxonomy":"post_tag","embeddable":true,"href":"https:\/\/aanoa.org\/en\/wp-json\/wp\/v2\/tags?post=530"}],"curies":[{"name":"wp","href":"https:\/\/api.w.org\/{rel}","templated":true}]}}