{"id":15,"date":"2023-04-02T22:38:00","date_gmt":"2023-04-02T20:38:00","guid":{"rendered":"http:\/\/www.aanoa.org\/?page_id=15"},"modified":"2023-06-11T10:10:56","modified_gmt":"2023-06-11T08:10:56","slug":"constitution","status":"publish","type":"page","link":"https:\/\/aanoa.org\/en\/constitution\/","title":{"rendered":"Constitution"},"content":{"rendered":"<div data-elementor-type=\"wp-page\" data-elementor-id=\"15\" class=\"elementor elementor-15\">\n\t\t\t\t\t\t\t\t\t<section class=\"elementor-section elementor-top-section elementor-element elementor-element-135022b elementor-section-boxed elementor-section-height-default elementor-section-height-default\" data-id=\"135022b\" data-element_type=\"section\">\n\t\t\t\t\t\t<div class=\"elementor-container elementor-column-gap-default\">\n\t\t\t\t\t<div class=\"elementor-column elementor-col-100 elementor-top-column elementor-element elementor-element-23af7b5\" data-id=\"23af7b5\" data-element_type=\"column\">\n\t\t\t<div class=\"elementor-widget-wrap\">\n\t\t\t\t\t\t\t\t\t<\/div>\n\t\t<\/div>\n\t\t\t\t\t\t\t<\/div>\n\t\t<\/section>\n\t\t\t\t<section class=\"elementor-section elementor-top-section elementor-element elementor-element-0b07f60 elementor-section-boxed elementor-section-height-default elementor-section-height-default\" data-id=\"0b07f60\" data-element_type=\"section\">\n\t\t\t\t\t\t<div class=\"elementor-container elementor-column-gap-default\">\n\t\t\t\t\t<div class=\"elementor-column elementor-col-100 elementor-top-column elementor-element elementor-element-2949afe\" data-id=\"2949afe\" data-element_type=\"column\">\n\t\t\t<div class=\"elementor-widget-wrap elementor-element-populated\">\n\t\t\t\t\t\t\t\t<div class=\"elementor-element elementor-element-5f01e0c elementor-widget elementor-widget-heading\" data-id=\"5f01e0c\" data-element_type=\"widget\" data-widget_type=\"heading.default\">\n\t\t\t\t<div class=\"elementor-widget-container\">\n\t\t\t<style>\/*! elementor - v3.12.1 - 02-04-2023 *\/\n.elementor-heading-title{padding:0;margin:0;line-height:1}.elementor-widget-heading .elementor-heading-title[class*=elementor-size-]>a{color:inherit;font-size:inherit;line-height:inherit}.elementor-widget-heading .elementor-heading-title.elementor-size-small{font-size:15px}.elementor-widget-heading .elementor-heading-title.elementor-size-medium{font-size:19px}.elementor-widget-heading .elementor-heading-title.elementor-size-large{font-size:29px}.elementor-widget-heading .elementor-heading-title.elementor-size-xl{font-size:39px}.elementor-widget-heading .elementor-heading-title.elementor-size-xxl{font-size:59px}<\/style><h2 class=\"elementor-heading-title elementor-size-default\"><br\/>Constitution of AANOA\n<br\/><br\/><\/h2>\t\t<\/div>\n\t\t\t\t<\/div>\n\t\t\t\t\t<\/div>\n\t\t<\/div>\n\t\t\t\t\t\t\t<\/div>\n\t\t<\/section>\n\t\t\t\t<section class=\"elementor-section elementor-top-section elementor-element elementor-element-1e6c132 elementor-section-boxed elementor-section-height-default elementor-section-height-default\" data-id=\"1e6c132\" data-element_type=\"section\">\n\t\t\t\t\t\t<div class=\"elementor-container elementor-column-gap-default\">\n\t\t\t\t\t<div class=\"elementor-column elementor-col-100 elementor-top-column elementor-element elementor-element-5b0d2c7\" data-id=\"5b0d2c7\" data-element_type=\"column\">\n\t\t\t<div class=\"elementor-widget-wrap elementor-element-populated\">\n\t\t\t\t\t\t\t\t<div class=\"elementor-element elementor-element-07106f8 elementor-widget elementor-widget-text-editor\" data-id=\"07106f8\" data-element_type=\"widget\" data-widget_type=\"text-editor.default\">\n\t\t\t\t<div class=\"elementor-widget-container\">\n\t\t\t<style>\/*! elementor - v3.12.1 - 02-04-2023 *\/\n.elementor-widget-text-editor.elementor-drop-cap-view-stacked .elementor-drop-cap{background-color:#69727d;color:#fff}.elementor-widget-text-editor.elementor-drop-cap-view-framed .elementor-drop-cap{color:#69727d;border:3px solid;background-color:transparent}.elementor-widget-text-editor:not(.elementor-drop-cap-view-default) .elementor-drop-cap{margin-top:8px}.elementor-widget-text-editor:not(.elementor-drop-cap-view-default) .elementor-drop-cap-letter{width:1em;height:1em}.elementor-widget-text-editor .elementor-drop-cap{float:left;text-align:center;line-height:1;font-size:50px}.elementor-widget-text-editor .elementor-drop-cap-letter{display:inline-block}<\/style>\t\t\t\t<p class=\" translation-block\">The AANOA Constitutive General Assembly, chaired by \nIntendant-General Lassana Palenfo, President of the Association of \nAssociation of National Olympic Committees of Africa (ANOCA) was held \nheld from December 10 to 13, 2008 in Tunis (Tunisia), under the auspices of the \nInternational Olympic Committee (IOC), ANOCA and the Association of National Olympic Committees of Africa (ANOCA). \nIntendant-General Lassana Palenfo, President of the Association de \nAssociation of National Olympic Committees of Africa (ANOCA) was held \nheld from December 10 to 13, 2008 in Tunis (Tunisia), under the auspices of the \nInternational Olympic Committee (IOC), ANOCA and the Tunisian National \nOlympic Committee (CNOT).<\/p><p class=\" translation-block\">Sixteen (16) National Olympic Academies were \nrepresented at this constitutive General Assembly: Angola, Burundi, \nCameroon, Central Africa, Ivory Coast, Egypt, Guinea, Kenya, Mali, \nMauritius, Senegal, Seychelles, Sudan, Swaziland, Chad and Tunisia.\n                \n                The meeting saw the adoption of  AANOA's statutes \nand the election of its first Board of Directors, chaired by Dr. Ridha \nLAYOUNI (Tunisia).<\/p>\t\t\t\t\t\t<\/div>\n\t\t\t\t<\/div>\n\t\t\t\t\t<\/div>\n\t\t<\/div>\n\t\t\t\t\t\t\t<\/div>\n\t\t<\/section>\n\t\t\t\t<section class=\"elementor-section elementor-top-section elementor-element elementor-element-97153b0 elementor-section-boxed elementor-section-height-default elementor-section-height-default\" data-id=\"97153b0\" data-element_type=\"section\">\n\t\t\t\t\t\t<div class=\"elementor-container elementor-column-gap-default\">\n\t\t\t\t\t<div class=\"elementor-column elementor-col-100 elementor-top-column elementor-element elementor-element-60ec219\" data-id=\"60ec219\" data-element_type=\"column\">\n\t\t\t<div class=\"elementor-widget-wrap elementor-element-populated\">\n\t\t\t\t\t\t\t\t<div class=\"elementor-element elementor-element-4498f32 elementor-widget elementor-widget-shortcode\" data-id=\"4498f32\" data-element_type=\"widget\" data-widget_type=\"shortcode.default\">\n\t\t\t\t<div class=\"elementor-widget-container\">\n\t\t\t\t\t<div class=\"elementor-shortcode\">\n<table id=\"tablepress-2\" class=\"tablepress tablepress-id-2\">\n<thead>\n<tr class=\"row-1 odd\">\n\t<th class=\"column-1\">Representatives<\/th><th class=\"column-2\">Country<\/th><th class=\"column-3\">Flag<\/th>\n<\/tr>\n<\/thead>\n<tbody class=\"row-hover\">\n<tr class=\"row-2 even\">\n\t<td class=\"column-1\">Nzita Mayimona<\/td><td class=\"column-2\">Angola<\/td><td class=\"column-3\"><img loading=\"lazy\" decoding=\"async\" src=\"http:\/\/www.aanoa.org\/wp-content\/uploads\/2023\/04\/angola-1.png\" alt=\"\" width=\"150\" height=\"100\" class=\"alignnone size-full wp-image-642\" \/><\/td>\n<\/tr>\n<tr class=\"row-3 odd\">\n\t<td class=\"column-1\">Emmanuel Ntakirutimana<\/td><td class=\"column-2\">Burundi<\/td><td class=\"column-3\"><img loading=\"lazy\" decoding=\"async\" src=\"http:\/\/www.aanoa.org\/wp-content\/uploads\/2023\/04\/burundi-1.png\" alt=\"\" width=\"150\" height=\"90\" class=\"alignnone size-full wp-image-645\" \/><\/td>\n<\/tr>\n<tr class=\"row-4 even\">\n\t<td class=\"column-1\">Wouassi Dieudonn\u00e9<\/td><td class=\"column-2\">Cameroon<\/td><td class=\"column-3\"><img loading=\"lazy\" decoding=\"async\" src=\"http:\/\/www.aanoa.org\/wp-content\/uploads\/2023\/04\/cameroon-1.png\" alt=\"\" width=\"150\" height=\"100\" class=\"alignnone size-full wp-image-646\" \/><\/td>\n<\/tr>\n<tr class=\"row-5 odd\">\n\t<td class=\"column-1\">Clement-Anicet Guiyama Massogo<\/td><td class=\"column-2\">Central Africa<\/td><td class=\"column-3\"><img loading=\"lazy\" decoding=\"async\" src=\"http:\/\/www.aanoa.org\/wp-content\/uploads\/2023\/04\/centre-afrique-1.png\" alt=\"\" width=\"150\" height=\"100\" class=\"alignnone size-full wp-image-648\" \/><\/td>\n<\/tr>\n<tr class=\"row-6 even\">\n\t<td class=\"column-1\">Lucien Kouakou<\/td><td class=\"column-2\">Ivory Coast<\/td><td class=\"column-3\"><img loading=\"lazy\" decoding=\"async\" src=\"http:\/\/www.aanoa.org\/wp-content\/uploads\/2023\/04\/cotedivoire.jpg\" alt=\"\" width=\"150\" height=\"100\" class=\"alignnone size-full wp-image-649\" \/><\/td>\n<\/tr>\n<tr class=\"row-7 odd\">\n\t<td class=\"column-1\">Essam Eldin Mohamed<\/td><td class=\"column-2\">Egypt<\/td><td class=\"column-3\"><img loading=\"lazy\" decoding=\"async\" src=\"http:\/\/www.aanoa.org\/wp-content\/uploads\/2023\/04\/egypte.jpg\" alt=\"\" width=\"150\" height=\"100\" class=\"alignnone size-full wp-image-650\" \/><\/td>\n<\/tr>\n<tr class=\"row-8 even\">\n\t<td class=\"column-1\">Baba Sakho<\/td><td class=\"column-2\">Guinea<\/td><td class=\"column-3\"><img loading=\"lazy\" decoding=\"async\" src=\"http:\/\/www.aanoa.org\/wp-content\/uploads\/2023\/04\/guinee-1.png\" alt=\"\" width=\"150\" height=\"100\" class=\"alignnone size-full wp-image-654\" \/><\/td>\n<\/tr>\n<tr class=\"row-9 odd\">\n\t<td class=\"column-1\">James Mukura Chacha<\/td><td class=\"column-2\">Kenya<\/td><td class=\"column-3\"><img loading=\"lazy\" decoding=\"async\" src=\"http:\/\/www.aanoa.org\/wp-content\/uploads\/2023\/04\/kenya.jpg\" alt=\"\" width=\"150\" height=\"101\" class=\"alignnone size-full wp-image-655\" \/><\/td>\n<\/tr>\n<tr class=\"row-10 even\">\n\t<td class=\"column-1\">Aminata Ma\u00efga Keita<\/td><td class=\"column-2\">Mali<\/td><td class=\"column-3\"><img loading=\"lazy\" decoding=\"async\" src=\"http:\/\/www.aanoa.org\/wp-content\/uploads\/2023\/04\/mali.png\" alt=\"\" width=\"150\" height=\"100\" class=\"alignnone size-full wp-image-663\" \/><\/td>\n<\/tr>\n<tr class=\"row-11 odd\">\n\t<td class=\"column-1\">Sanjaye Goboodun<\/td><td class=\"column-2\">Mauritius<\/td><td class=\"column-3\"><img loading=\"lazy\" decoding=\"async\" src=\"http:\/\/www.aanoa.org\/wp-content\/uploads\/2023\/04\/maurice.png\" alt=\"\" width=\"150\" height=\"100\" class=\"alignnone size-full wp-image-656\" \/><\/td>\n<\/tr>\n<tr class=\"row-12 even\">\n\t<td class=\"column-1\">Souleymane Boun Daouda Diop<\/td><td class=\"column-2\">Senegal<\/td><td class=\"column-3\"><img loading=\"lazy\" decoding=\"async\" src=\"http:\/\/www.aanoa.org\/wp-content\/uploads\/2023\/04\/Flag-Senegal.jpg\" alt=\"\" width=\"150\" height=\"100\" class=\"alignnone size-full wp-image-653\" \/><\/td>\n<\/tr>\n<tr class=\"row-13 odd\">\n\t<td class=\"column-1\">Alain Alcintor<\/td><td class=\"column-2\">Seychelles<\/td><td class=\"column-3\"><img loading=\"lazy\" decoding=\"async\" src=\"http:\/\/www.aanoa.org\/wp-content\/uploads\/2023\/04\/seychelles.jpeg\" alt=\"\" width=\"150\" height=\"75\" class=\"alignnone size-full wp-image-657\" \/><\/td>\n<\/tr>\n<tr class=\"row-14 even\">\n\t<td class=\"column-1\">Mahmoud Esser Mohamed Taha<\/td><td class=\"column-2\">Sudan<\/td><td class=\"column-3\"><img loading=\"lazy\" decoding=\"async\" src=\"http:\/\/www.aanoa.org\/wp-content\/uploads\/2023\/04\/soudan.jpg\" alt=\"\" width=\"150\" height=\"75\" class=\"alignnone size-full wp-image-658\" \/><\/td>\n<\/tr>\n<tr class=\"row-15 odd\">\n\t<td class=\"column-1\">Dan Jabu Mavuso<\/td><td class=\"column-2\">Eswatini<\/td><td class=\"column-3\"><img loading=\"lazy\" decoding=\"async\" src=\"http:\/\/www.aanoa.org\/wp-content\/uploads\/2023\/04\/eswatini-1.png\" alt=\"\" width=\"150\" height=\"100\" class=\"alignnone size-full wp-image-651\" \/><\/td>\n<\/tr>\n<tr class=\"row-16 even\">\n\t<td class=\"column-1\">Ngarguinam Job N\u2019Djerayan<\/td><td class=\"column-2\">Tchad<\/td><td class=\"column-3\"><img loading=\"lazy\" decoding=\"async\" src=\"http:\/\/www.aanoa.org\/wp-content\/uploads\/2023\/04\/tchad.png\" alt=\"\" width=\"150\" height=\"100\" class=\"alignnone size-full wp-image-660\" \/><\/td>\n<\/tr>\n<tr class=\"row-17 odd\">\n\t<td class=\"column-1\">Ridha Layouni<\/td><td class=\"column-2\">Tunisia<\/td><td class=\"column-3\"><img loading=\"lazy\" decoding=\"async\" src=\"http:\/\/www.aanoa.org\/wp-content\/uploads\/2023\/04\/tunisia-1.png\" alt=\"\" width=\"150\" height=\"100\" class=\"alignnone size-full wp-image-661\" \/><\/td>\n<\/tr>\n<\/tbody>\n<\/table>\n<!-- #tablepress-2 from cache --><\/div>\n\t\t\t\t<\/div>\n\t\t\t\t<\/div>\n\t\t\t\t\t<\/div>\n\t\t<\/div>\n\t\t\t\t\t\t\t<\/div>\n\t\t<\/section>\n\t\t\t\t\t\t\t<\/div>","protected":false},"excerpt":{"rendered":"<p>Constitution de l&rsquo;AANOA L\u2019Assembl\u00e9e G\u00e9n\u00e9rale Constitutive de l\u2019AANOA, pr\u00e9sid\u00e9e par l\u2019Intendant-G\u00e9n\u00e9ral Lassana Palenfo, Pr\u00e9sident de l\u2019Association de l\u2019Association des Comit\u00e9s Nationaux Olympiques d\u2019Afrique (ACNOA) s\u2019est [&#8230;]<\/p>","protected":false},"author":1,"featured_media":0,"parent":0,"menu_order":0,"comment_status":"closed","ping_status":"closed","template":"","meta":{"cybocfi_hide_featured_image":"","footnotes":""},"categories":[],"tags":[],"class_list":["post-15","page","type-page","status-publish","hentry"],"_links":{"self":[{"href":"https:\/\/aanoa.org\/en\/wp-json\/wp\/v2\/pages\/15","targetHints":{"allow":["GET"]}}],"collection":[{"href":"https:\/\/aanoa.org\/en\/wp-json\/wp\/v2\/pages"}],"about":[{"href":"https:\/\/aanoa.org\/en\/wp-json\/wp\/v2\/types\/page"}],"author":[{"embeddable":true,"href":"https:\/\/aanoa.org\/en\/wp-json\/wp\/v2\/users\/1"}],"replies":[{"embeddable":true,"href":"https:\/\/aanoa.org\/en\/wp-json\/wp\/v2\/comments?post=15"}],"version-history":[{"count":23,"href":"https:\/\/aanoa.org\/en\/wp-json\/wp\/v2\/pages\/15\/revisions"}],"predecessor-version":[{"id":1379,"href":"https:\/\/aanoa.org\/en\/wp-json\/wp\/v2\/pages\/15\/revisions\/1379"}],"wp:attachment":[{"href":"https:\/\/aanoa.org\/en\/wp-json\/wp\/v2\/media?parent=15"}],"wp:term":[{"taxonomy":"category","embeddable":true,"href":"https:\/\/aanoa.org\/en\/wp-json\/wp\/v2\/categories?post=15"},{"taxonomy":"post_tag","embeddable":true,"href":"https:\/\/aanoa.org\/en\/wp-json\/wp\/v2\/tags?post=15"}],"curies":[{"name":"wp","href":"https:\/\/api.w.org\/{rel}","templated":true}]}}