{"id":1122,"date":"2023-04-13T12:35:23","date_gmt":"2023-04-13T10:35:23","guid":{"rendered":"http:\/\/www.aanoa.org\/?page_id=1122"},"modified":"2023-04-19T10:20:28","modified_gmt":"2023-04-19T08:20:28","slug":"republique-centrafricaine","status":"publish","type":"page","link":"https:\/\/aanoa.org\/en\/republique-centrafricaine\/","title":{"rendered":"Centrafrique"},"content":{"rendered":"<style>\/*! elementor - v3.12.1 - 02-04-2023 *\/<br \/>\n.elementor-heading-title{padding:0;margin:0;line-height:1}.elementor-widget-heading .elementor-heading-title[class*=elementor-size-]>a{color:inherit;font-size:inherit;line-height:inherit}.elementor-widget-heading .elementor-heading-title.elementor-size-small{font-size:15px}.elementor-widget-heading .elementor-heading-title.elementor-size-medium{font-size:19px}.elementor-widget-heading .elementor-heading-title.elementor-size-large{font-size:29px}.elementor-widget-heading .elementor-heading-title.elementor-size-xl{font-size:39px}.elementor-widget-heading .elementor-heading-title.elementor-size-xxl{font-size:59px}<\/style>\n<h1>Centrafrique<\/h1>\n<style>\/*! elementor - v3.12.1 - 02-04-2023 *\/<br \/>\n.elementor-widget-tabs.elementor-tabs-view-vertical .elementor-tabs-wrapper{width:25%;flex-shrink:0}.elementor-widget-tabs.elementor-tabs-view-vertical .elementor-tab-desktop-title.elementor-active{border-right-style:none}.elementor-widget-tabs.elementor-tabs-view-vertical .elementor-tab-desktop-title.elementor-active:after,.elementor-widget-tabs.elementor-tabs-view-vertical .elementor-tab-desktop-title.elementor-active:before{height:999em;width:0;right:0;border-right-style:solid}.elementor-widget-tabs.elementor-tabs-view-vertical .elementor-tab-desktop-title.elementor-active:before{top:0;transform:translateY(-100%)}.elementor-widget-tabs.elementor-tabs-view-vertical .elementor-tab-desktop-title.elementor-active:after{top:100%}.elementor-widget-tabs.elementor-tabs-view-horizontal .elementor-tab-desktop-title{display:table-cell}.elementor-widget-tabs.elementor-tabs-view-horizontal .elementor-tab-desktop-title.elementor-active{border-bottom-style:none}.elementor-widget-tabs.elementor-tabs-view-horizontal .elementor-tab-desktop-title.elementor-active:after,.elementor-widget-tabs.elementor-tabs-view-horizontal .elementor-tab-desktop-title.elementor-active:before{bottom:0;height:0;width:999em;border-bottom-style:solid}.elementor-widget-tabs.elementor-tabs-view-horizontal .elementor-tab-desktop-title.elementor-active:before{right:100%}.elementor-widget-tabs.elementor-tabs-view-horizontal .elementor-tab-desktop-title.elementor-active:after{left:100%}.elementor-widget-tabs .elementor-tab-content,.elementor-widget-tabs .elementor-tab-title,.elementor-widget-tabs .elementor-tab-title:after,.elementor-widget-tabs .elementor-tab-title:before,.elementor-widget-tabs .elementor-tabs-content-wrapper{border:1px #d5d8dc}.elementor-widget-tabs .elementor-tabs{text-align:left}.elementor-widget-tabs .elementor-tabs-wrapper{overflow:hidden}.elementor-widget-tabs .elementor-tab-title{cursor:pointer;outline:var(--focus-outline,none)}.elementor-widget-tabs .elementor-tab-desktop-title{position:relative;padding:20px 25px;font-weight:700;line-height:1;border:solid transparent}.elementor-widget-tabs .elementor-tab-desktop-title.elementor-active{border-color:#d5d8dc}.elementor-widget-tabs .elementor-tab-desktop-title.elementor-active:after,.elementor-widget-tabs .elementor-tab-desktop-title.elementor-active:before{display:block;content:\"\";position:absolute}.elementor-widget-tabs .elementor-tab-desktop-title:focus-visible{border:1px solid #000}.elementor-widget-tabs .elementor-tab-mobile-title{padding:10px;cursor:pointer}.elementor-widget-tabs .elementor-tab-content{padding:20px;display:none}@media (max-width:767px){.elementor-tabs .elementor-tab-content,.elementor-tabs .elementor-tab-title{border-style:solid solid none}.elementor-tabs .elementor-tabs-wrapper{display:none}.elementor-tabs .elementor-tabs-content-wrapper{border-bottom-style:solid}.elementor-tabs .elementor-tab-content{padding:10px}}@media (min-width:768px){.elementor-widget-tabs.elementor-tabs-view-vertical .elementor-tabs{display:flex}.elementor-widget-tabs.elementor-tabs-view-vertical .elementor-tabs-wrapper{flex-direction:column}.elementor-widget-tabs.elementor-tabs-view-vertical .elementor-tabs-content-wrapper{flex-grow:1;border-style:solid solid solid none}.elementor-widget-tabs.elementor-tabs-view-horizontal .elementor-tab-content{border-style:none solid solid}.elementor-widget-tabs.elementor-tabs-alignment-center .elementor-tabs-wrapper,.elementor-widget-tabs.elementor-tabs-alignment-end .elementor-tabs-wrapper,.elementor-widget-tabs.elementor-tabs-alignment-stretch .elementor-tabs-wrapper{display:flex}.elementor-widget-tabs.elementor-tabs-alignment-center .elementor-tabs-wrapper{justify-content:center}.elementor-widget-tabs.elementor-tabs-alignment-end .elementor-tabs-wrapper{justify-content:flex-end}.elementor-widget-tabs.elementor-tabs-alignment-stretch.elementor-tabs-view-horizontal .elementor-tab-title{width:100%}.elementor-widget-tabs.elementor-tabs-alignment-stretch.elementor-tabs-view-vertical .elementor-tab-title{height:100%}.elementor-tabs .elementor-tab-mobile-title{display:none}}<\/style>\n<p>\t\t\t\t\t\t\t\t\tD\u00e9tails de l&rsquo;ANO<br \/>\nActualit\u00e9s<br \/>\nD\u00e9tails de l&rsquo;ANO<br \/>\nNational Olympic Academy of Central African RepublicFoundation Date:1992Operation Date:1993President:Prof. Dr Cl\u00e9ment-Anicet GUIYAMA MASSOGOVice-President:Professeur Jean Laurent SISSA MAGALE2nd Vice-President:Madame Anne Flore GONDJEDirector:Mr Justin-Blaise HOULANDJIMembers:Mlle Gilveryne GRESENGUET, Mlle Ang\u00e8le NDAPOTO, M.Junior MESCHEBA, Mlle Olive Dol SOMSEAddress:c\/o NOC of Central African Rep. B.P. 1541, Bangui Central African RepublicTel.:+236-75507742Fax:+236-615107\/617890<br \/>\nActualit\u00e9s<\/p>\n<style>.elementor-1210 .elementor-element.elementor-element-68943aad .upk-harold-list .upk-list-wrap{grid-template-columns:repeat(2, 1fr);grid-row-gap:20px;grid-column-gap:20px;}.elementor-1210 .elementor-element.elementor-element-68943aad .upk-harold-list .upk-item .upk-item-box .upk-content .upk-title a{color:#FFFFFF;}.elementor-1210 .elementor-element.elementor-element-68943aad .upk-harold-list .upk-item .upk-item-box .upk-content .upk-meta *{color:#FFFFFF;}.elementor-1210 .elementor-element.elementor-element-68943aad .upk-harold-list .upk-item .upk-item-box .upk-content .upk-category a{color:#FFFFFF;border-style:solid;border-width:1px 1px 1px 1px;border-color:#8D99AE;}@media(max-width:1024px){.elementor-1210 .elementor-element.elementor-element-68943aad .upk-harold-list .upk-list-wrap{grid-template-columns:repeat(1, 1fr);}}@media(max-width:767px){.elementor-1210 .elementor-element.elementor-element-68943aad .upk-harold-list .upk-list-wrap{grid-template-columns:repeat(1, 1fr);}}<\/style>\n<p><img src=\"http:\/\/www.aanoa.org\/wp-content\/uploads\/2023\/04\/tchad-1.jpg\" alt=\"Centrafrique news #1\" decoding=\"async\" loading=\"lazy\" width=\"300\" height=\"200\"><br \/>\n<a href=\"https:\/\/aanoa.org\/en\/category\/non-classe\/\">News<\/a><\/p>\n<h3><a href=\"https:\/\/aanoa.org\/en\/2023\/04\/19\/centrafrique-news-1\/\" title=\"Centrafrique news #1\">Centrafrique news #1<\/a><\/h3>\n<p><a href=\"https:\/\/aanoa.org\/en\/author\/admin\/\"><br \/>\nadmin<br \/>\n<\/a><br \/>\n19 avril 2023<\/p>","protected":false},"excerpt":{"rendered":"<p>Centrafrique D\u00e9tails de l&rsquo;ANO Actualit\u00e9s D\u00e9tails de l&rsquo;ANO National Olympic Academy of Central African RepublicFoundation Date:1992Operation Date:1993President:Prof. Dr Cl\u00e9ment-Anicet GUIYAMA MASSOGOVice-President:Professeur Jean Laurent SISSA MAGALE2nd [&#8230;]<\/p>","protected":false},"author":1,"featured_media":1123,"parent":0,"menu_order":0,"comment_status":"closed","ping_status":"closed","template":"","meta":{"cybocfi_hide_featured_image":"yes","footnotes":""},"categories":[26],"tags":[],"class_list":["post-1122","page","type-page","status-publish","has-post-thumbnail","hentry","category-anos"],"_links":{"self":[{"href":"https:\/\/aanoa.org\/en\/wp-json\/wp\/v2\/pages\/1122","targetHints":{"allow":["GET"]}}],"collection":[{"href":"https:\/\/aanoa.org\/en\/wp-json\/wp\/v2\/pages"}],"about":[{"href":"https:\/\/aanoa.org\/en\/wp-json\/wp\/v2\/types\/page"}],"author":[{"embeddable":true,"href":"https:\/\/aanoa.org\/en\/wp-json\/wp\/v2\/users\/1"}],"replies":[{"embeddable":true,"href":"https:\/\/aanoa.org\/en\/wp-json\/wp\/v2\/comments?post=1122"}],"version-history":[{"count":6,"href":"https:\/\/aanoa.org\/en\/wp-json\/wp\/v2\/pages\/1122\/revisions"}],"predecessor-version":[{"id":1239,"href":"https:\/\/aanoa.org\/en\/wp-json\/wp\/v2\/pages\/1122\/revisions\/1239"}],"wp:featuredmedia":[{"embeddable":true,"href":"https:\/\/aanoa.org\/en\/wp-json\/wp\/v2\/media\/1123"}],"wp:attachment":[{"href":"https:\/\/aanoa.org\/en\/wp-json\/wp\/v2\/media?parent=1122"}],"wp:term":[{"taxonomy":"category","embeddable":true,"href":"https:\/\/aanoa.org\/en\/wp-json\/wp\/v2\/categories?post=1122"},{"taxonomy":"post_tag","embeddable":true,"href":"https:\/\/aanoa.org\/en\/wp-json\/wp\/v2\/tags?post=1122"}],"curies":[{"name":"wp","href":"https:\/\/api.w.org\/{rel}","templated":true}]}}