{"id":103,"date":"2023-04-03T11:29:22","date_gmt":"2023-04-03T09:29:22","guid":{"rendered":"http:\/\/www.aanoa.org\/?page_id=103"},"modified":"2024-02-25T16:59:15","modified_gmt":"2024-02-25T15:59:15","slug":"elementor-103","status":"publish","type":"page","link":"https:\/\/aanoa.org\/en\/elementor-103\/","title":{"rendered":"Background"},"content":{"rendered":"<div data-elementor-type=\"wp-page\" data-elementor-id=\"103\" class=\"elementor elementor-103\">\n\t\t\t\t\t\t\t\t\t<section class=\"elementor-section elementor-top-section elementor-element elementor-element-eb7ebb6 elementor-section-boxed elementor-section-height-default elementor-section-height-default\" data-id=\"eb7ebb6\" data-element_type=\"section\">\n\t\t\t\t\t\t<div class=\"elementor-container elementor-column-gap-default\">\n\t\t\t\t\t<div class=\"elementor-column elementor-col-100 elementor-top-column elementor-element elementor-element-9fd4eb5\" data-id=\"9fd4eb5\" data-element_type=\"column\">\n\t\t\t<div class=\"elementor-widget-wrap elementor-element-populated\">\n\t\t\t\t\t\t\t\t<div class=\"elementor-element elementor-element-2f7c755 elementor-widget__width-inherit elementor-widget elementor-widget-heading\" data-id=\"2f7c755\" data-element_type=\"widget\" data-widget_type=\"heading.default\">\n\t\t\t\t<div class=\"elementor-widget-container\">\n\t\t\t<style>\/*! elementor - v3.12.1 - 02-04-2023 *\/\n.elementor-heading-title{padding:0;margin:0;line-height:1}.elementor-widget-heading .elementor-heading-title[class*=elementor-size-]>a{color:inherit;font-size:inherit;line-height:inherit}.elementor-widget-heading .elementor-heading-title.elementor-size-small{font-size:15px}.elementor-widget-heading .elementor-heading-title.elementor-size-medium{font-size:19px}.elementor-widget-heading .elementor-heading-title.elementor-size-large{font-size:29px}.elementor-widget-heading .elementor-heading-title.elementor-size-xl{font-size:39px}.elementor-widget-heading .elementor-heading-title.elementor-size-xxl{font-size:59px}<\/style><h2 class=\"elementor-heading-title elementor-size-default\"><br>\nHistorique de l'AANOA\n<br><br>\n<\/h2>\t\t<\/div>\n\t\t\t\t<\/div>\n\t\t\t\t<div class=\"elementor-element elementor-element-4cff7e8 elementor-widget elementor-widget-be-timeline\" data-id=\"4cff7e8\" data-element_type=\"widget\" data-widget_type=\"be-timeline.default\">\n\t\t\t\t<div class=\"elementor-widget-container\">\n\t\t\t<ul class=\"be-pack timeline\"><li class=\"timeline-inverted\"><div class=\"tl-circ\"><\/div>\n\t\t\t  <div class=\"timeline-panel\">\n\t\t\t\t<div class=\"tl-heading\">\n\t\t\t\t\t<div class=\"tl-content\">\n\t\t\t\t\t\t\n\t\t\t\t\t\t<div class=\"be-desc\">\n\t\t\t\t\t\t<h4 class=\"be-title d-block\">15 Mai 2008<\/h4>\n\t\t\t\t\t\t<div class=\"be-content\"><p><strong>9\u00e8me Session Internationale de l'AIO en Gr\u00e8ce<\/strong><\/p><p><strong>Les ANOs d'Afrique ont confi\u00e9 \u00e0 la Tunisie la mission d'organiser l'Assembl\u00e9e Constituante<\/strong><\/p><\/div>\n\t\t\t\t\t\t<\/div>\n\t\t\t\t\t<\/div>\n\t\t\t\t<\/div>\n\t\t\t  <\/div>\n\t\t\t<\/li><li class=\"timeline-right\"><div class=\"tl-circ\"><\/div>\n\t\t\t  <div class=\"timeline-panel\">\n\t\t\t\t<div class=\"tl-heading\">\n\t\t\t\t\t<div class=\"tl-content\">\n\t\t\t\t\t\t\n\t\t\t\t\t\t<div class=\"be-desc\">\n\t\t\t\t\t\t<h4 class=\"be-title d-block\">12 et 13 D\u00e9cembre 2008, TUNIS<\/h4>\n\t\t\t\t\t\t<div class=\"be-content\"><p><strong>Assembl\u00e9e G\u00e9n\u00e9rale Constitutive de l'AANOA. <\/strong><strong>Adoption des status de l'AANOA et \u00e9lection de son premier Bureau Directeur<\/strong><\/p><\/div>\n\t\t\t\t\t\t<\/div>\n\t\t\t\t\t<\/div>\n\t\t\t\t<\/div>\n\t\t\t  <\/div>\n\t\t\t<\/li><li class=\"timeline-inverted\"><div class=\"tl-circ\"><\/div>\n\t\t\t  <div class=\"timeline-panel\">\n\t\t\t\t<div class=\"tl-heading\">\n\t\t\t\t\t<div class=\"tl-content\">\n\t\t\t\t\t\t\n\t\t\t\t\t\t<div class=\"be-desc\">\n\t\t\t\t\t\t<h4 class=\"be-title d-block\">4 Aout 2011, Tunisie<\/h4>\n\t\t\t\t\t\t<div class=\"be-content\"><p><strong>Publication au Journal Officiel de la R\u00e9publique Tunisienne du D\u00e9cret Pr\u00e9sidentiel N\u00b02011-1104 relatif \u00e0 l'installation de l'AANOA en Tunisie en tant qu'Organisation Non Gouvernementale (ONG)<\/strong><\/p><\/div>\n\t\t\t\t\t\t<\/div>\n\t\t\t\t\t<\/div>\n\t\t\t\t<\/div>\n\t\t\t  <\/div>\n\t\t\t<\/li><li class=\"timeline-right\"><div class=\"tl-circ\"><\/div>\n\t\t\t  <div class=\"timeline-panel\">\n\t\t\t\t<div class=\"tl-heading\">\n\t\t\t\t\t<div class=\"tl-content\">\n\t\t\t\t\t\t\n\t\t\t\t\t\t<div class=\"be-desc\">\n\t\t\t\t\t\t<h4 class=\"be-title d-block\">15 Mars 2013, Tunis<\/h4>\n\t\t\t\t\t\t<div class=\"be-content\"><p><strong>Inauguration du si\u00e8ge de l'AANOA par le pr\u00e9sident de l'ACNOA<\/strong><\/p><\/div>\n\t\t\t\t\t\t<\/div>\n\t\t\t\t\t<\/div>\n\t\t\t\t<\/div>\n\t\t\t  <\/div>\n\t\t\t<\/li><li class=\"timeline-inverted\"><div class=\"tl-circ\"><\/div>\n\t\t\t  <div class=\"timeline-panel\">\n\t\t\t\t<div class=\"tl-heading\">\n\t\t\t\t\t<div class=\"tl-content\">\n\t\t\t\t\t\t\n\t\t\t\t\t\t<div class=\"be-desc\">\n\t\t\t\t\t\t<h4 class=\"be-title d-block\">Octobre 2014, TUNIS<\/h4>\n\t\t\t\t\t\t<div class=\"be-content\"><p><strong>1\u00e8re Session des ANOs d'Afrique<\/strong><\/p><\/div>\n\t\t\t\t\t\t<\/div>\n\t\t\t\t\t<\/div>\n\t\t\t\t<\/div>\n\t\t\t  <\/div>\n\t\t\t<\/li><li class=\"timeline-right\"><div class=\"tl-circ\"><\/div>\n\t\t\t  <div class=\"timeline-panel\">\n\t\t\t\t<div class=\"tl-heading\">\n\t\t\t\t\t<div class=\"tl-content\">\n\t\t\t\t\t\t\n\t\t\t\t\t\t<div class=\"be-desc\">\n\t\t\t\t\t\t<h4 class=\"be-title d-block\">23-26 Mars 2016, Bamako, MALI<\/h4>\n\t\t\t\t\t\t<div class=\"be-content\"><p><strong>Assembl\u00e9e G\u00e9n\u00e9rale Ordinaire Evaluative. de l'AANOA et 2\u00e8me session des ANOs d'Afrique<\/strong><\/p><\/div>\n\t\t\t\t\t\t<\/div>\n\t\t\t\t\t<\/div>\n\t\t\t\t<\/div>\n\t\t\t  <\/div>\n\t\t\t<\/li><li class=\"timeline-inverted\"><div class=\"tl-circ\"><\/div>\n\t\t\t  <div class=\"timeline-panel\">\n\t\t\t\t<div class=\"tl-heading\">\n\t\t\t\t\t<div class=\"tl-content\">\n\t\t\t\t\t\t\n\t\t\t\t\t\t<div class=\"be-desc\">\n\t\t\t\t\t\t<h4 class=\"be-title d-block\">13-17 Mars 2017, TUNIS<\/h4>\n\t\t\t\t\t\t<div class=\"be-content\"><p><strong>\u00a0Assembl\u00e9e G\u00e9n\u00e9rale Ordinaire Elective (AGOE) de l'AANOA et 3\u00e8me session des ANOs d'Afrique<\/strong><\/p><\/div>\n\t\t\t\t\t\t<\/div>\n\t\t\t\t\t<\/div>\n\t\t\t\t<\/div>\n\t\t\t  <\/div>\n\t\t\t<\/li><li class=\"timeline-right\"><div class=\"tl-circ\"><\/div>\n\t\t\t  <div class=\"timeline-panel\">\n\t\t\t\t<div class=\"tl-heading\">\n\t\t\t\t\t<div class=\"tl-content\">\n\t\t\t\t\t\t\n\t\t\t\t\t\t<div class=\"be-desc\">\n\t\t\t\t\t\t<h4 class=\"be-title d-block\">2018 - Yaound\u00e9, Cameroun<\/h4>\n\t\t\t\t\t\t<div class=\"be-content\"><p><strong>4\u00e8me Session des ANOs d'Afrique<\/strong><\/p><\/div>\n\t\t\t\t\t\t<\/div>\n\t\t\t\t\t<\/div>\n\t\t\t\t<\/div>\n\t\t\t  <\/div>\n\t\t\t<\/li><li class=\"timeline-inverted\"><div class=\"tl-circ\"><\/div>\n\t\t\t  <div class=\"timeline-panel\">\n\t\t\t\t<div class=\"tl-heading\">\n\t\t\t\t\t<div class=\"tl-content\">\n\t\t\t\t\t\t\n\t\t\t\t\t\t<div class=\"be-desc\">\n\t\t\t\t\t\t<h4 class=\"be-title d-block\">2019 , Bamako, Mali<\/h4>\n\t\t\t\t\t\t<div class=\"be-content\"><p><strong>5\u00e8me Session des ANOs d'Afrique<\/strong><\/p><\/div>\n\t\t\t\t\t\t<\/div>\n\t\t\t\t\t<\/div>\n\t\t\t\t<\/div>\n\t\t\t  <\/div>\n\t\t\t<\/li><li class=\"timeline-right\"><div class=\"tl-circ\"><\/div>\n\t\t\t  <div class=\"timeline-panel\">\n\t\t\t\t<div class=\"tl-heading\">\n\t\t\t\t\t<div class=\"tl-content\">\n\t\t\t\t\t\t\n\t\t\t\t\t\t<div class=\"be-desc\">\n\t\t\t\t\t\t<h4 class=\"be-title d-block\">24-27 Mars 2021, Tunis<\/h4>\n\t\t\t\t\t\t<div class=\"be-content\"><p><strong>6\u00e8me Session des ANOs d'Afrique<\/strong><\/p><\/div>\n\t\t\t\t\t\t<\/div>\n\t\t\t\t\t<\/div>\n\t\t\t\t<\/div>\n\t\t\t  <\/div>\n\t\t\t<\/li><li class=\"timeline-inverted\"><div class=\"tl-circ\"><\/div>\n\t\t\t  <div class=\"timeline-panel\">\n\t\t\t\t<div class=\"tl-heading\">\n\t\t\t\t\t<div class=\"tl-content\">\n\t\t\t\t\t\t\n\t\t\t\t\t\t<div class=\"be-desc\">\n\t\t\t\t\t\t<h4 class=\"be-title d-block\">Avril 2022 , Tunis<\/h4>\n\t\t\t\t\t\t<div class=\"be-content\"><p><strong>7\u00e8me Session des ANOs d'Afrique ( en ligne)<\/strong><\/p><\/div>\n\t\t\t\t\t\t<\/div>\n\t\t\t\t\t<\/div>\n\t\t\t\t<\/div>\n\t\t\t  <\/div>\n\t\t\t<\/li><li class=\"timeline-right\"><div class=\"tl-circ\"><\/div>\n\t\t\t  <div class=\"timeline-panel\">\n\t\t\t\t<div class=\"tl-heading\">\n\t\t\t\t\t<div class=\"tl-content\">\n\t\t\t\t\t\t\n\t\t\t\t\t\t<div class=\"be-desc\">\n\t\t\t\t\t\t<h4 class=\"be-title d-block\">23-26 Mars 2023 ,  Hammamet ,Tunisie<\/h4>\n\t\t\t\t\t\t<div class=\"be-content\"><p><strong>Assembl\u00e9e G\u00e9n\u00e9rale Ordinaire Evaluative de l'AANOA<\/strong><\/p><p><strong>8\u00e8me Session des ANOs d'Afrique<\/strong><\/p><\/div>\n\t\t\t\t\t\t<\/div>\n\t\t\t\t\t<\/div>\n\t\t\t\t<\/div>\n\t\t\t  <\/div>\n\t\t\t<\/li><\/ul>\t\t<\/div>\n\t\t\t\t<\/div>\n\t\t\t\t\t<\/div>\n\t\t<\/div>\n\t\t\t\t\t\t\t<\/div>\n\t\t<\/section>\n\t\t\t\t\t\t\t<\/div>","protected":false},"excerpt":{"rendered":"<p>Historique de l&rsquo;AANOA 15 Mai 2008 9\u00e8me Session Internationale de l&rsquo;AIO en Gr\u00e8ce Les ANOs d&rsquo;Afrique ont confi\u00e9 \u00e0 la Tunisie la mission d&rsquo;organiser l&rsquo;Assembl\u00e9e [&#8230;]<\/p>","protected":false},"author":1,"featured_media":0,"parent":0,"menu_order":0,"comment_status":"closed","ping_status":"closed","template":"templates\/template-no-title.php","meta":{"cybocfi_hide_featured_image":"","footnotes":""},"categories":[],"tags":[],"class_list":["post-103","page","type-page","status-publish","hentry"],"_links":{"self":[{"href":"https:\/\/aanoa.org\/en\/wp-json\/wp\/v2\/pages\/103","targetHints":{"allow":["GET"]}}],"collection":[{"href":"https:\/\/aanoa.org\/en\/wp-json\/wp\/v2\/pages"}],"about":[{"href":"https:\/\/aanoa.org\/en\/wp-json\/wp\/v2\/types\/page"}],"author":[{"embeddable":true,"href":"https:\/\/aanoa.org\/en\/wp-json\/wp\/v2\/users\/1"}],"replies":[{"embeddable":true,"href":"https:\/\/aanoa.org\/en\/wp-json\/wp\/v2\/comments?post=103"}],"version-history":[{"count":43,"href":"https:\/\/aanoa.org\/en\/wp-json\/wp\/v2\/pages\/103\/revisions"}],"predecessor-version":[{"id":1894,"href":"https:\/\/aanoa.org\/en\/wp-json\/wp\/v2\/pages\/103\/revisions\/1894"}],"wp:attachment":[{"href":"https:\/\/aanoa.org\/en\/wp-json\/wp\/v2\/media?parent=103"}],"wp:term":[{"taxonomy":"category","embeddable":true,"href":"https:\/\/aanoa.org\/en\/wp-json\/wp\/v2\/categories?post=103"},{"taxonomy":"post_tag","embeddable":true,"href":"https:\/\/aanoa.org\/en\/wp-json\/wp\/v2\/tags?post=103"}],"curies":[{"name":"wp","href":"https:\/\/api.w.org\/{rel}","templated":true}]}}